{"id":88,"date":"2026-02-03T13:13:06","date_gmt":"2026-02-03T13:13:06","guid":{"rendered":"https:\/\/paideiamubabao.pl\/?page_id=88"},"modified":"2026-03-10T18:50:07","modified_gmt":"2026-03-10T18:50:07","slug":"pedagogika-nielinearna","status":"publish","type":"page","link":"https:\/\/paideiamubabao.pl\/?page_id=88","title":{"rendered":"PEDAGOGIKA NIELINEARNA"},"content":{"rendered":"\t\t<div data-elementor-type=\"wp-page\" data-elementor-id=\"88\" class=\"elementor elementor-88\" data-elementor-post-type=\"page\">\n\t\t\t\t<div class=\"elementor-element elementor-element-d16fbf9 e-flex e-con-boxed e-con e-parent\" data-id=\"d16fbf9\" data-element_type=\"container\" data-e-type=\"container\">\n\t\t\t\t\t<div class=\"e-con-inner\">\n\t\t\t\t\t<\/div>\n\t\t\t\t<\/div>\n\t\t<div class=\"elementor-element elementor-element-1cefef0 e-flex e-con-boxed e-con e-parent\" data-id=\"1cefef0\" data-element_type=\"container\" data-e-type=\"container\">\n\t\t\t\t\t<div class=\"e-con-inner\">\n\t\t\t\t<div class=\"elementor-element elementor-element-579f887 elementor-widget elementor-widget-text-editor\" data-id=\"579f887\" data-element_type=\"widget\" data-e-type=\"widget\" data-widget_type=\"text-editor.default\">\n\t\t\t\t\t\t\t\t\t<p style=\"text-align: center;\"><strong data-start=\"8211\" data-end=\"8270\">Pedagogika Nielinearna \u2014 edukacja dla \u015bwiata z\u0142o\u017cono\u015bci<\/strong><\/p>\t\t\t\t\t\t\t\t<\/div>\n\t\t\t\t\t<\/div>\n\t\t\t\t<\/div>\n\t\t<div class=\"elementor-element elementor-element-71ebab6 e-flex e-con-boxed e-con e-parent\" data-id=\"71ebab6\" data-element_type=\"container\" data-e-type=\"container\">\n\t\t\t\t\t<div class=\"e-con-inner\">\n\t\t<div class=\"elementor-element elementor-element-d4d4611 e-con-full e-flex e-con e-child\" data-id=\"d4d4611\" data-element_type=\"container\" data-e-type=\"container\">\n\t\t\t\t<\/div>\n\t\t<div class=\"elementor-element elementor-element-f41e951 e-con-full e-flex e-con e-child\" data-id=\"f41e951\" data-element_type=\"container\" data-e-type=\"container\">\n\t\t\t\t<div class=\"elementor-element elementor-element-d5885d2 elementor-widget elementor-widget-text-editor\" data-id=\"d5885d2\" data-element_type=\"widget\" data-e-type=\"widget\" data-widget_type=\"text-editor.default\">\n\t\t\t\t\t\t\t\t\t<p data-start=\"8289\" data-end=\"8646\">Pedagogika Nielinearna stanowi fundament PAIDEIA MuBaBaO. Zak\u0142ada, \u017ce rozw\u00f3j cz\u0142owieka nie przebiega prost\u0105 lini\u0105, wed\u0142ug jednej sekwencji etap\u00f3w, jednego poprawnego porz\u0105dku ani jednego modelu osi\u0105gania rezultat\u00f3w. Cz\u0142owiek uczy si\u0119 skokowo, relacyjnie, poprzez do\u015bwiadczenie, b\u0142\u0105d, powr\u00f3t, intuicj\u0119, dzia\u0142anie, korekt\u0119, wsp\u00f3\u0142prac\u0119, kryzys i ol\u015bnienie.<\/p><p data-start=\"8648\" data-end=\"8966\">W pedagogice nielinearnej proces uczenia si\u0119 nie jest rozumiany jako prosty transfer wiedzy od nauczyciela do ucznia. Jest raczej organizowaniem warunk\u00f3w, w kt\u00f3rych ucze\u0144 mo\u017ce samodzielnie, wsp\u00f3lnie i tw\u00f3rczo odkrywa\u0107 zale\u017cno\u015bci, tworzy\u0107 znaczenia, eksperymentowa\u0107 oraz przechodzi\u0107 mi\u0119dzy r\u00f3\u017cnymi trybami poznania.<\/p><h3 data-section-id=\"hvgzhh\" data-start=\"8968\" data-end=\"8988\">G\u0142\u00f3wne za\u0142o\u017cenia<\/h3><p data-start=\"8989\" data-end=\"9593\"><strong data-start=\"8989\" data-end=\"9021\">Rozw\u00f3j nie jest prost\u0105 lini\u0105<\/strong> \u2014 uczenie si\u0119 mo\u017ce przebiega\u0107 przez nawroty, zmiany kierunku i wielokrotne podej\u015bcia.<br data-start=\"9107\" data-end=\"9110\" \/><strong data-start=\"9110\" data-end=\"9140\"><br \/><\/strong><\/p><p data-start=\"8989\" data-end=\"9593\"><strong data-start=\"9110\" data-end=\"9140\">B\u0142\u0105d jest cz\u0119\u015bci\u0105 poznania<\/strong> \u2014 otwiera nowe \u015bcie\u017cki rozumienia.<br data-start=\"9175\" data-end=\"9178\" \/><strong data-start=\"9178\" data-end=\"9207\"><br \/><\/strong><\/p><p data-start=\"8989\" data-end=\"9593\"><strong data-start=\"9178\" data-end=\"9207\">Wiedza powstaje w relacji<\/strong> \u2014 mi\u0119dzy lud\u017ami, materia\u0142ami, narz\u0119dziami, kultur\u0105 i do\u015bwiadczeniem.<br data-start=\"9276\" data-end=\"9279\" \/><strong data-start=\"9279\" data-end=\"9309\"><br \/><\/strong><\/p><p data-start=\"8989\" data-end=\"9593\"><strong data-start=\"9279\" data-end=\"9309\">My\u015blenie jest uciele\u015bnione<\/strong> \u2014 dziecko my\u015bli tak\u017ce ruchem, r\u0119kami, rytmem, g\u0142osem i obecno\u015bci\u0105 w przestrzeni.<br data-start=\"9390\" data-end=\"9393\" \/><strong data-start=\"9393\" data-end=\"9443\"><br \/><\/strong><\/p><p data-start=\"8989\" data-end=\"9593\"><strong data-start=\"9393\" data-end=\"9443\">Sens jest wa\u017cniejszy ni\u017c mechaniczne wykonanie<\/strong> \u2014 ucze\u0144 powinien rozumie\u0107, co robi i po co to robi.<br data-start=\"9495\" data-end=\"9498\" \/><strong data-start=\"9498\" data-end=\"9532\"><br \/><\/strong><\/p><p data-start=\"8989\" data-end=\"9593\"><strong data-start=\"9498\" data-end=\"9532\">R\u00f3\u017cnorodno\u015b\u0107 dr\u00f3g jest zasobem<\/strong> \u2014 nie ka\u017cde dziecko dochodzi do rozwi\u0105zania t\u0105 sam\u0105 drog\u0105.**<\/p>\t\t\t\t\t\t\t\t<\/div>\n\t\t\t\t<\/div>\n\t\t<div class=\"elementor-element elementor-element-389ffba e-con-full e-flex e-con e-child\" data-id=\"389ffba\" data-element_type=\"container\" data-e-type=\"container\">\n\t\t\t\t<\/div>\n\t\t\t\t\t<\/div>\n\t\t\t\t<\/div>\n\t\t\t\t<\/div>\n\t\t","protected":false},"excerpt":{"rendered":"<p>Pedagogika Nielinearna \u2014 edukacja dla \u015bwiata z\u0142o\u017cono\u015bci Pedagogika Nielinearna stanowi fundament PAIDEIA MuBaBaO. Zak\u0142ada, \u017ce rozw\u00f3j cz\u0142owieka nie przebiega prost\u0105 lini\u0105, wed\u0142ug jednej sekwencji etap\u00f3w, jednego poprawnego porz\u0105dku ani jednego modelu osi\u0105gania rezultat\u00f3w. Cz\u0142owiek uczy si\u0119 skokowo, relacyjnie, poprzez do\u015bwiadczenie, b\u0142\u0105d, powr\u00f3t, intuicj\u0119, dzia\u0142anie, korekt\u0119, wsp\u00f3\u0142prac\u0119, kryzys i ol\u015bnienie. W pedagogice nielinearnej proces uczenia si\u0119 [&hellip;]<\/p>\n","protected":false},"author":2,"featured_media":0,"parent":0,"menu_order":0,"comment_status":"closed","ping_status":"closed","template":"","meta":{"footnotes":""},"class_list":["post-88","page","type-page","status-publish","hentry"],"_links":{"self":[{"href":"https:\/\/paideiamubabao.pl\/index.php?rest_route=\/wp\/v2\/pages\/88","targetHints":{"allow":["GET"]}}],"collection":[{"href":"https:\/\/paideiamubabao.pl\/index.php?rest_route=\/wp\/v2\/pages"}],"about":[{"href":"https:\/\/paideiamubabao.pl\/index.php?rest_route=\/wp\/v2\/types\/page"}],"author":[{"embeddable":true,"href":"https:\/\/paideiamubabao.pl\/index.php?rest_route=\/wp\/v2\/users\/2"}],"replies":[{"embeddable":true,"href":"https:\/\/paideiamubabao.pl\/index.php?rest_route=%2Fwp%2Fv2%2Fcomments&post=88"}],"version-history":[{"count":20,"href":"https:\/\/paideiamubabao.pl\/index.php?rest_route=\/wp\/v2\/pages\/88\/revisions"}],"predecessor-version":[{"id":653,"href":"https:\/\/paideiamubabao.pl\/index.php?rest_route=\/wp\/v2\/pages\/88\/revisions\/653"}],"wp:attachment":[{"href":"https:\/\/paideiamubabao.pl\/index.php?rest_route=%2Fwp%2Fv2%2Fmedia&parent=88"}],"curies":[{"name":"wp","href":"https:\/\/api.w.org\/{rel}","templated":true}]}}