{"id":554,"date":"2026-03-10T18:22:21","date_gmt":"2026-03-10T18:22:21","guid":{"rendered":"https:\/\/paideiamubabao.pl\/?page_id=554"},"modified":"2026-03-10T18:31:46","modified_gmt":"2026-03-10T18:31:46","slug":"klocki-mubabao","status":"publish","type":"page","link":"https:\/\/paideiamubabao.pl\/?page_id=554","title":{"rendered":"KLOCKI MUBABAO"},"content":{"rendered":"\t\t<div data-elementor-type=\"wp-page\" data-elementor-id=\"554\" class=\"elementor elementor-554\" data-elementor-post-type=\"page\">\n\t\t\t\t<div class=\"elementor-element elementor-element-4855c72 e-flex e-con-boxed e-con e-parent\" data-id=\"4855c72\" data-element_type=\"container\" data-e-type=\"container\">\n\t\t\t\t\t<div class=\"e-con-inner\">\n\t\t\t\t<div class=\"elementor-element elementor-element-436c936 elementor-widget elementor-widget-text-editor\" data-id=\"436c936\" data-element_type=\"widget\" data-e-type=\"widget\" data-widget_type=\"text-editor.default\">\n\t\t\t\t\t\t\t\t\t<p style=\"text-align: center;\"><strong data-start=\"6339\" data-end=\"6409\">Klocki MuBaBaO \u2014 narz\u0119dzie my\u015blenia, opowie\u015bci i tworzenia znacze\u0144<\/strong><\/p>\t\t\t\t\t\t\t\t<\/div>\n\t\t\t\t\t<\/div>\n\t\t\t\t<\/div>\n\t\t<div class=\"elementor-element elementor-element-bb6d41e e-flex e-con-boxed e-con e-parent\" data-id=\"bb6d41e\" data-element_type=\"container\" data-e-type=\"container\">\n\t\t\t\t\t<div class=\"e-con-inner\">\n\t\t<div class=\"elementor-element elementor-element-c2ea51b e-con-full e-flex e-con e-child\" data-id=\"c2ea51b\" data-element_type=\"container\" data-e-type=\"container\">\n\t\t\t\t<\/div>\n\t\t<div class=\"elementor-element elementor-element-db16286 e-con-full e-flex e-con e-child\" data-id=\"db16286\" data-element_type=\"container\" data-e-type=\"container\">\n\t\t\t\t<div class=\"elementor-element elementor-element-2bf993b elementor-widget elementor-widget-text-editor\" data-id=\"2bf993b\" data-element_type=\"widget\" data-e-type=\"widget\" data-widget_type=\"text-editor.default\">\n\t\t\t\t\t\t\t\t\t<p data-start=\"6428\" data-end=\"6734\"><strong data-start=\"6428\" data-end=\"6734\">Klocki MuBaBaO to autorskie narz\u0119dzie edukacyjne s\u0142u\u017c\u0105ce rozwijaniu my\u015blenia kreatywnego, wielotorowego i sensotw\u00f3rczego. Nie s\u0105 zwyk\u0142\u0105 pomoc\u0105 manipulacyjn\u0105 ani prost\u0105 zabawk\u0105 konstrukcyjn\u0105. Zosta\u0142y zaprojektowane jako narz\u0119dzie budowania relacji mi\u0119dzy ideami, obrazami, do\u015bwiadczeniami i znaczeniami.<\/strong><\/p><p data-start=\"6736\" data-end=\"7034\"><strong data-start=\"6736\" data-end=\"7034\">Ich si\u0142a polega na tym, \u017ce uruchamiaj\u0105 jednocze\u015bnie r\u0119ce, wyobra\u017ani\u0119, mow\u0119, planowanie, narracj\u0119, eksperymentowanie i wsp\u00f3\u0142prac\u0119. Dzi\u0119ki temu dziecko nie tylko uk\u0142ada czy konstruuje, ale my\u015bli poprzez dzia\u0142anie, opowiada poprzez budowanie, odkrywa zale\u017cno\u015bci i testuje r\u00f3\u017cne warianty rozwi\u0105za\u0144.<\/strong><\/p><h3 data-section-id=\"1os2bih\" data-start=\"7036\" data-end=\"7067\">Co rozwijaj\u0105 Klocki MuBaBaO<\/h3><p data-start=\"7068\" data-end=\"7692\"><strong data-start=\"7068\" data-end=\"7088\">My\u015blenie tw\u00f3rcze<\/strong> \u2014 generowanie pomys\u0142\u00f3w i tworzenie nowych konfiguracji znacze\u0144.<br data-start=\"7152\" data-end=\"7155\" \/><strong data-start=\"7155\" data-end=\"7178\">My\u015blenie narracyjne<\/strong> \u2014 budowanie historii, \u015bwiat\u00f3w i relacji mi\u0119dzy elementami.<br data-start=\"7237\" data-end=\"7240\" \/><strong data-start=\"7240\" data-end=\"7278\">My\u015blenie przestrzenne i projektowe<\/strong> \u2014 planowanie struktur i testowanie r\u00f3\u017cnych uk\u0142ad\u00f3w.<br data-start=\"7330\" data-end=\"7333\" \/><strong data-start=\"7333\" data-end=\"7355\">My\u015blenie relacyjne<\/strong> \u2014 dostrzeganie po\u0142\u0105cze\u0144 mi\u0119dzy elementami, perspektywami i kontekstami.<br data-start=\"7427\" data-end=\"7430\" \/><strong data-start=\"7430\" data-end=\"7454\">Kompetencje manualne<\/strong> \u2014 precyzj\u0119, sprawno\u015b\u0107 r\u0105k i kontakt z materi\u0105.<br data-start=\"7501\" data-end=\"7504\" \/><strong data-start=\"7504\" data-end=\"7529\">Kompetencje spo\u0142eczne<\/strong> \u2014 wsp\u00f3\u0142prac\u0119, dialog i wsp\u00f3lne projektowanie.<br data-start=\"7575\" data-end=\"7578\" \/><strong data-start=\"7578\" data-end=\"7606\">Kompetencje sensotw\u00f3rcze<\/strong> \u2014 przechodzenie od manipulacji przedmiotem do tworzenia w\u0142asnego rozumienia \u015bwiata.**<\/p><h3 data-section-id=\"cep3ke\" data-start=\"7694\" data-end=\"7719\">Dlaczego s\u0105 wyj\u0105tkowe<\/h3><p data-start=\"7720\" data-end=\"8157\"><strong data-start=\"7720\" data-end=\"8157\">Klocki MuBaBaO s\u0105 celowo sklejane i materialnie domkni\u0119te w okre\u015blonych konfiguracjach, poniewa\u017c ich funkcj\u0105 nie jest niesko\u0144czona dowolno\u015b\u0107, lecz uruchamianie konkretnego rodzaju my\u015blenia: \u0142\u0105czenia, interpretowania, komponowania znacze\u0144 i dostrzegania relacji. Akt pracy z tak\u0105 form\u0105 rozwija zdolno\u015b\u0107 integrowania element\u00f3w w wi\u0119ksz\u0105 ca\u0142o\u015b\u0107, planowania struktury, widzenia po\u0142\u0105cze\u0144 oraz rozumienia, \u017ce sens powstaje poprzez relacj\u0119.<\/strong><\/p>\t\t\t\t\t\t\t\t<\/div>\n\t\t\t\t<\/div>\n\t\t<div class=\"elementor-element elementor-element-2868245 e-con-full e-flex e-con e-child\" data-id=\"2868245\" data-element_type=\"container\" data-e-type=\"container\">\n\t\t\t\t<\/div>\n\t\t<div class=\"elementor-element elementor-element-7277d2c e-con-full e-flex e-con e-child\" data-id=\"7277d2c\" data-element_type=\"container\" data-e-type=\"container\">\n\t\t\t\t<div class=\"elementor-element elementor-element-97c6894 elementor-widget elementor-widget-image\" data-id=\"97c6894\" data-element_type=\"widget\" data-e-type=\"widget\" data-widget_type=\"image.default\">\n\t\t\t\t\t\t\t\t\t\t\t\t\t\t\t<img fetchpriority=\"high\" decoding=\"async\" width=\"800\" height=\"611\" src=\"https:\/\/paideiamubabao.pl\/wp-content\/uploads\/2026\/02\/aaklocki_stro1-1024x782.jpg\" class=\"attachment-large size-large wp-image-244\" alt=\"\" srcset=\"https:\/\/paideiamubabao.pl\/wp-content\/uploads\/2026\/02\/aaklocki_stro1-1024x782.jpg 1024w, https:\/\/paideiamubabao.pl\/wp-content\/uploads\/2026\/02\/aaklocki_stro1-300x229.jpg 300w, https:\/\/paideiamubabao.pl\/wp-content\/uploads\/2026\/02\/aaklocki_stro1-768x586.jpg 768w, https:\/\/paideiamubabao.pl\/wp-content\/uploads\/2026\/02\/aaklocki_stro1.jpg 1500w\" sizes=\"(max-width: 800px) 100vw, 800px\" \/>\t\t\t\t\t\t\t\t\t\t\t\t\t\t\t<\/div>\n\t\t\t\t<\/div>\n\t\t\t\t\t<\/div>\n\t\t\t\t<\/div>\n\t\t\t\t<\/div>\n\t\t","protected":false},"excerpt":{"rendered":"<p>Klocki MuBaBaO \u2014 narz\u0119dzie my\u015blenia, opowie\u015bci i tworzenia znacze\u0144 Klocki MuBaBaO to autorskie narz\u0119dzie edukacyjne s\u0142u\u017c\u0105ce rozwijaniu my\u015blenia kreatywnego, wielotorowego i sensotw\u00f3rczego. Nie s\u0105 zwyk\u0142\u0105 pomoc\u0105 manipulacyjn\u0105 ani prost\u0105 zabawk\u0105 konstrukcyjn\u0105. Zosta\u0142y zaprojektowane jako narz\u0119dzie budowania relacji mi\u0119dzy ideami, obrazami, do\u015bwiadczeniami i znaczeniami. Ich si\u0142a polega na tym, \u017ce uruchamiaj\u0105 jednocze\u015bnie r\u0119ce, wyobra\u017ani\u0119, mow\u0119, planowanie, [&hellip;]<\/p>\n","protected":false},"author":2,"featured_media":0,"parent":0,"menu_order":0,"comment_status":"closed","ping_status":"closed","template":"","meta":{"footnotes":""},"class_list":["post-554","page","type-page","status-publish","hentry"],"_links":{"self":[{"href":"https:\/\/paideiamubabao.pl\/index.php?rest_route=\/wp\/v2\/pages\/554","targetHints":{"allow":["GET"]}}],"collection":[{"href":"https:\/\/paideiamubabao.pl\/index.php?rest_route=\/wp\/v2\/pages"}],"about":[{"href":"https:\/\/paideiamubabao.pl\/index.php?rest_route=\/wp\/v2\/types\/page"}],"author":[{"embeddable":true,"href":"https:\/\/paideiamubabao.pl\/index.php?rest_route=\/wp\/v2\/users\/2"}],"replies":[{"embeddable":true,"href":"https:\/\/paideiamubabao.pl\/index.php?rest_route=%2Fwp%2Fv2%2Fcomments&post=554"}],"version-history":[{"count":28,"href":"https:\/\/paideiamubabao.pl\/index.php?rest_route=\/wp\/v2\/pages\/554\/revisions"}],"predecessor-version":[{"id":584,"href":"https:\/\/paideiamubabao.pl\/index.php?rest_route=\/wp\/v2\/pages\/554\/revisions\/584"}],"wp:attachment":[{"href":"https:\/\/paideiamubabao.pl\/index.php?rest_route=%2Fwp%2Fv2%2Fmedia&parent=554"}],"curies":[{"name":"wp","href":"https:\/\/api.w.org\/{rel}","templated":true}]}}