{"id":30,"date":"2026-02-03T12:03:29","date_gmt":"2026-02-03T12:03:29","guid":{"rendered":"https:\/\/paideiamubabao.pl\/?page_id=30"},"modified":"2026-03-17T15:37:23","modified_gmt":"2026-03-17T15:37:23","slug":"about-2","status":"publish","type":"page","link":"https:\/\/paideiamubabao.pl\/","title":{"rendered":"IDEA"},"content":{"rendered":"\t\t<div data-elementor-type=\"wp-page\" data-elementor-id=\"30\" class=\"elementor elementor-30\" data-elementor-post-type=\"page\">\n\t\t\t\t<div class=\"elementor-element elementor-element-288e1dc e-flex e-con-boxed e-con e-parent\" data-id=\"288e1dc\" data-element_type=\"container\" data-e-type=\"container\" data-settings=\"{&quot;background_background&quot;:&quot;classic&quot;}\">\n\t\t\t\t\t<div class=\"e-con-inner\">\n\t\t\t\t<div class=\"elementor-element elementor-element-6099725 elementor-widget elementor-widget-text-editor\" data-id=\"6099725\" data-element_type=\"widget\" data-e-type=\"widget\" data-widget_type=\"text-editor.default\">\n\t\t\t\t\t\t\t\t\t<p style=\"text-align: center;\"><strong>Holistyczna edukacja\u00a0 w czasach AI<\/strong><\/p>\t\t\t\t\t\t\t\t<\/div>\n\t\t\t\t\t<\/div>\n\t\t\t\t<\/div>\n\t\t<div class=\"elementor-element elementor-element-ced09ba e-flex e-con-boxed e-con e-parent\" data-id=\"ced09ba\" data-element_type=\"container\" data-e-type=\"container\">\n\t\t\t\t\t<div class=\"e-con-inner\">\n\t\t<div class=\"elementor-element elementor-element-7b0cbca e-con-full e-flex e-con e-child\" data-id=\"7b0cbca\" data-element_type=\"container\" data-e-type=\"container\">\n\t\t\t\t<\/div>\n\t\t<div class=\"elementor-element elementor-element-d8d0c05 e-con-full e-flex e-con e-child\" data-id=\"d8d0c05\" data-element_type=\"container\" data-e-type=\"container\">\n\t\t\t\t<div class=\"elementor-element elementor-element-fb27944 elementor-widget elementor-widget-text-editor\" data-id=\"fb27944\" data-element_type=\"widget\" data-e-type=\"widget\" data-widget_type=\"text-editor.default\">\n\t\t\t\t\t\t\t\t\t<p>Kszta\u0142cenie, kt\u00f3re nie redukuje potencja\u0142u ludzkiego<\/p>\t\t\t\t\t\t\t\t<\/div>\n\t\t\t\t<div class=\"elementor-element elementor-element-917172c elementor-widget elementor-widget-text-editor\" data-id=\"917172c\" data-element_type=\"widget\" data-e-type=\"widget\" data-widget_type=\"text-editor.default\">\n\t\t\t\t\t\t\t\t\t<p>Rozwijamy Kwantowego Ucznia MuBaBaO \u2014 ucznia przysz\u0142o\u015bci, kt\u00f3ry umiej\u0119tnie \u0142\u0105czy potencja\u0142 technologii cyfrowych i AI z dzia\u0142aniem manualnym, tradycyjnym rzemios\u0142em, ekspresj\u0105 artystyczn\u0105, kultur\u0105 i kompetencjami spo\u0142ecznymi. Uczy si\u0119 nie w logice \u201ealbo\u2013albo\u201d, lecz \u201ei\u2013i\u2013i\u201d.<\/p>\t\t\t\t\t\t\t\t<\/div>\n\t\t\t\t<\/div>\n\t\t<div class=\"elementor-element elementor-element-d4ec496 e-con-full e-flex e-con e-child\" data-id=\"d4ec496\" data-element_type=\"container\" data-e-type=\"container\">\n\t\t\t\t<div class=\"elementor-element elementor-element-43c0e66 elementor-widget elementor-widget-image\" data-id=\"43c0e66\" data-element_type=\"widget\" data-e-type=\"widget\" data-widget_type=\"image.default\">\n\t\t\t\t\t\t\t\t\t\t\t\t\t\t\t<img decoding=\"async\" src=\"https:\/\/paideiamubabao.pl\/wp-content\/uploads\/2026\/03\/ChatGPT-Image-9-mar-2026-08_37_06.png\" title=\"ChatGPT Image 9 mar 2026, 08_37_06\" alt=\"ChatGPT Image 9 mar 2026, 08_37_06\" loading=\"lazy\" \/>\t\t\t\t\t\t\t\t\t\t\t\t\t\t\t<\/div>\n\t\t\t\t<\/div>\n\t\t\t\t\t<\/div>\n\t\t\t\t<\/div>\n\t\t<div class=\"elementor-element elementor-element-450bb34 e-flex e-con-boxed e-con e-parent\" data-id=\"450bb34\" data-element_type=\"container\" data-e-type=\"container\" data-settings=\"{&quot;background_background&quot;:&quot;classic&quot;}\">\n\t\t\t\t\t<div class=\"e-con-inner\">\n\t\t\t\t<div class=\"elementor-element elementor-element-2344997 elementor-widget elementor-widget-text-editor\" data-id=\"2344997\" data-element_type=\"widget\" data-e-type=\"widget\" data-widget_type=\"text-editor.default\">\n\t\t\t\t\t\t\t\t\t<p style=\"text-align: center;\">AI + Rzemios\u0142o + Kultura + My\u015blenie wielotorowe<\/p>\t\t\t\t\t\t\t\t<\/div>\n\t\t\t\t\t<\/div>\n\t\t\t\t<\/div>\n\t\t<div class=\"elementor-element elementor-element-1c09f1a e-flex e-con-boxed e-con e-parent\" data-id=\"1c09f1a\" data-element_type=\"container\" data-e-type=\"container\">\n\t\t\t\t\t<div class=\"e-con-inner\">\n\t\t\t\t\t<\/div>\n\t\t\t\t<\/div>\n\t\t<div class=\"elementor-element elementor-element-0a497bf e-flex e-con-boxed e-con e-parent\" data-id=\"0a497bf\" data-element_type=\"container\" data-e-type=\"container\">\n\t\t\t\t\t<div class=\"e-con-inner\">\n\t\t<div class=\"elementor-element elementor-element-81e1cb2 e-con-full e-flex e-con e-child\" data-id=\"81e1cb2\" data-element_type=\"container\" data-e-type=\"container\">\n\t\t\t\t<\/div>\n\t\t<div class=\"elementor-element elementor-element-7f085be e-con-full e-flex e-con e-child\" data-id=\"7f085be\" data-element_type=\"container\" data-e-type=\"container\">\n\t\t\t\t<div class=\"elementor-element elementor-element-5f9d51e elementor-widget elementor-widget-text-editor\" data-id=\"5f9d51e\" data-element_type=\"widget\" data-e-type=\"widget\" data-widget_type=\"text-editor.default\">\n\t\t\t\t\t\t\t\t\t<p>PAIDEIA MuBaBaO to autorski model edukacji integralnej i nielinearnej. Tworzymy \u015brodowisko rozwoju, w kt\u00f3rym dziecko my\u015bli wielotorowo, dzia\u0142a sprawczo, tworzy sens, buduje relacje, korzysta z technologii \u015bwiadomie i pozostaje zakorzenione w do\u015bwiadczeniu realnym, poza ekranem.<\/p>\t\t\t\t\t\t\t\t<\/div>\n\t\t\t\t<\/div>\n\t\t<div class=\"elementor-element elementor-element-4c737b5 e-con-full e-flex e-con e-child\" data-id=\"4c737b5\" data-element_type=\"container\" data-e-type=\"container\">\n\t\t\t\t<\/div>\n\t\t\t\t\t<\/div>\n\t\t\t\t<\/div>\n\t\t<div class=\"elementor-element elementor-element-667a739 e-flex e-con-boxed e-con e-parent\" data-id=\"667a739\" data-element_type=\"container\" data-e-type=\"container\">\n\t\t\t\t\t<div class=\"e-con-inner\">\n\t\t\t\t<div class=\"elementor-element elementor-element-1bfaca1 elementor-widget elementor-widget-text-editor\" data-id=\"1bfaca1\" data-element_type=\"widget\" data-e-type=\"widget\" data-widget_type=\"text-editor.default\">\n\t\t\t\t\t\t\t\t\t<p style=\"text-align: center;\"><strong>KWANTOWY UCZE\u0143 MUBABAO<\/strong><\/p>\t\t\t\t\t\t\t\t<\/div>\n\t\t\t\t\t<\/div>\n\t\t\t\t<\/div>\n\t\t<div class=\"elementor-element elementor-element-987f44c e-flex e-con-boxed e-con e-parent\" data-id=\"987f44c\" data-element_type=\"container\" data-e-type=\"container\">\n\t\t\t\t\t<div class=\"e-con-inner\">\n\t\t\t\t<div class=\"elementor-element elementor-element-85040e4 elementor-widget elementor-widget-text-editor\" data-id=\"85040e4\" data-element_type=\"widget\" data-e-type=\"widget\" data-widget_type=\"text-editor.default\">\n\t\t\t\t\t\t\t\t\t<h2 style=\"text-align: center;\" data-section-id=\"bdczbc\" data-start=\"9600\" data-end=\"9628\"><strong data-start=\"9640\" data-end=\"9681\">Jakie obszary rozwija PAIDEIA MuBaBaO?<\/strong><\/h2>\t\t\t\t\t\t\t\t<\/div>\n\t\t\t\t\t<\/div>\n\t\t\t\t<\/div>\n\t\t<div class=\"elementor-element elementor-element-4ac80ef e-flex e-con-boxed e-con e-parent\" data-id=\"4ac80ef\" data-element_type=\"container\" data-e-type=\"container\">\n\t\t\t\t\t<div class=\"e-con-inner\">\n\t\t<div class=\"elementor-element elementor-element-e6678dd e-con-full e-flex e-con e-child\" data-id=\"e6678dd\" data-element_type=\"container\" data-e-type=\"container\">\n\t\t\t\t<\/div>\n\t\t<div class=\"elementor-element elementor-element-1243c31 e-con-full e-flex e-con e-child\" data-id=\"1243c31\" data-element_type=\"container\" data-e-type=\"container\">\n\t\t\t\t<div class=\"elementor-element elementor-element-5fc2ba3 elementor-widget elementor-widget-text-editor\" data-id=\"5fc2ba3\" data-element_type=\"widget\" data-e-type=\"widget\" data-widget_type=\"text-editor.default\">\n\t\t\t\t\t\t\t\t\t<p data-start=\"9693\" data-end=\"10355\"><strong data-start=\"9693\" data-end=\"9713\">Rozw\u00f3j poznawczy<\/strong> \u2014 my\u015blenie wielotorowe, relacyjne, tw\u00f3rcze, projektowe i krytyczne.<\/p><p data-start=\"9693\" data-end=\"10355\"><strong data-start=\"9784\" data-end=\"9803\">Rozw\u00f3j manualny<\/strong> \u2014 praca r\u0119kami, konstruowanie, rzemios\u0142o, kontakt z materia\u0142em i przestrzeni\u0105.<\/p><p data-start=\"9693\" data-end=\"10355\"><strong data-start=\"9885\" data-end=\"9920\">Rozw\u00f3j cyfrowy i technologiczny<\/strong> \u2014 \u015bwiadome korzystanie z technologii, rozumienie AI, projektowanie rozwi\u0105za\u0144.<\/p><p data-start=\"9693\" data-end=\"10355\"><strong data-start=\"10001\" data-end=\"10023\">Rozw\u00f3j artystyczny<\/strong> \u2014 muzyka, rytm, taniec, obraz, opowie\u015b\u0107 i ekspresja.<\/p><p data-start=\"9693\" data-end=\"10355\"><strong data-start=\"10079\" data-end=\"10099\">Rozw\u00f3j spo\u0142eczny<\/strong> \u2014 wsp\u00f3\u0142praca, dialog, komunikacja i odpowiedzialno\u015b\u0107 wsp\u00f3lnotowa.<\/p><p data-start=\"9693\" data-end=\"10355\"><strong data-start=\"10168\" data-end=\"10205\">Rozw\u00f3j emocjonalny i sensotw\u00f3rczy<\/strong> \u2014 budowanie to\u017csamo\u015bci, refleksja, odwaga tworzenia znacze\u0144.<\/p><p data-start=\"9693\" data-end=\"10355\"><strong data-start=\"10269\" data-end=\"10289\">Rozw\u00f3j kulturowy<\/strong> \u2014 zakorzenienie w dziedzictwie, symbolach, pami\u0119ci i opowie\u015bci.**<\/p>\t\t\t\t\t\t\t\t<\/div>\n\t\t\t\t<\/div>\n\t\t\t\t\t<\/div>\n\t\t\t\t<\/div>\n\t\t<div class=\"elementor-element elementor-element-fb3fd71 e-flex e-con-boxed e-con e-parent\" data-id=\"fb3fd71\" data-element_type=\"container\" data-e-type=\"container\">\n\t\t\t\t\t<div class=\"e-con-inner\">\n\t\t\t\t<div class=\"elementor-element elementor-element-d2e8e1b elementor-widget elementor-widget-text-editor\" data-id=\"d2e8e1b\" data-element_type=\"widget\" data-e-type=\"widget\" data-widget_type=\"text-editor.default\">\n\t\t\t\t\t\t\t\t\t<h2 style=\"text-align: center;\" data-section-id=\"ak1noi\" data-start=\"10362\" data-end=\"10383\"><strong>DLA KOGO jest PAIDEIA MUBABAO<\/strong><\/h2>\t\t\t\t\t\t\t\t<\/div>\n\t\t\t\t\t<\/div>\n\t\t\t\t<\/div>\n\t\t<div class=\"elementor-element elementor-element-cc2e9dc e-flex e-con-boxed e-con e-parent\" data-id=\"cc2e9dc\" data-element_type=\"container\" data-e-type=\"container\">\n\t\t\t\t\t<div class=\"e-con-inner\">\n\t\t<div class=\"elementor-element elementor-element-cff8060 e-con-full e-flex e-con e-child\" data-id=\"cff8060\" data-element_type=\"container\" data-e-type=\"container\">\n\t\t\t\t<\/div>\n\t\t<div class=\"elementor-element elementor-element-5f229ec e-con-full e-flex e-con e-child\" data-id=\"5f229ec\" data-element_type=\"container\" data-e-type=\"container\">\n\t\t\t\t<div class=\"elementor-element elementor-element-20a3e96 elementor-widget elementor-widget-text-editor\" data-id=\"20a3e96\" data-element_type=\"widget\" data-e-type=\"widget\" data-widget_type=\"text-editor.default\">\n\t\t\t\t\t\t\t\t\t<h2 data-section-id=\"ak1noi\" data-start=\"10362\" data-end=\"10383\"><strong data-start=\"10440\" data-end=\"10466\" style=\"font-size: 21px;\">Dla dzieci i m\u0142odzie\u017cy<\/strong><span style=\"font-size: 21px;\"> \u2014 kt\u00f3re potrzebuj\u0105 edukacji rozwijaj\u0105cej szerzej ni\u017c standardowy model szkolny.<\/span><\/h2><p data-start=\"10440\" data-end=\"11040\"><strong data-start=\"10549\" data-end=\"10568\">Dla nauczycieli<\/strong> \u2014 kt\u00f3rzy chc\u0105 projektowa\u0107 procesy uczenia si\u0119 w spos\u00f3b tw\u00f3rczy, sensotw\u00f3rczy i adekwatny do \u015bwiata przysz\u0142o\u015bci.<br data-start=\"10680\" data-end=\"10683\"><strong data-start=\"10683\" data-end=\"10710\">Dla szk\u00f3\u0142 i przedszkoli<\/strong> \u2014 poszukuj\u0105cych modelu edukacji integralnej, pozaekranowej i technologicznie \u015bwiadomej zarazem.<br data-start=\"10806\" data-end=\"10809\"><strong data-start=\"10809\" data-end=\"10848\">Dla animator\u00f3w i instytucji kultury<\/strong> \u2014 chc\u0105cych \u0142\u0105czy\u0107 edukacj\u0119, kultur\u0119, opowie\u015b\u0107, dziedzictwo i dzia\u0142ania tw\u00f3rcze.<br data-start=\"10928\" data-end=\"10931\"><strong data-start=\"10931\" data-end=\"10947\">Dla rodzic\u00f3w<\/strong> \u2014 kt\u00f3rzy szukaj\u0105 rozwoju dziecka w pe\u0142niejszym, bardziej ludzkim i wielowymiarowym modelu.**<\/p>\t\t\t\t\t\t\t\t<\/div>\n\t\t\t\t<\/div>\n\t\t<div class=\"elementor-element elementor-element-e375dad e-con-full e-flex e-con e-child\" data-id=\"e375dad\" data-element_type=\"container\" data-e-type=\"container\">\n\t\t\t\t<\/div>\n\t\t\t\t\t<\/div>\n\t\t\t\t<\/div>\n\t\t<div class=\"elementor-element elementor-element-e837936 e-flex e-con-boxed e-con e-parent\" data-id=\"e837936\" data-element_type=\"container\" data-e-type=\"container\">\n\t\t\t\t\t<div class=\"e-con-inner\">\n\t\t\t\t<div class=\"elementor-element elementor-element-8f8ae7f elementor-widget elementor-widget-image\" data-id=\"8f8ae7f\" data-element_type=\"widget\" data-e-type=\"widget\" data-widget_type=\"image.default\">\n\t\t\t\t\t\t\t\t\t\t\t\t\t\t\t<img fetchpriority=\"high\" decoding=\"async\" width=\"683\" height=\"1024\" src=\"https:\/\/paideiamubabao.pl\/wp-content\/uploads\/2026\/03\/model_education_MuBaBaO-683x1024.jpg\" class=\"attachment-large size-large wp-image-750\" alt=\"\" srcset=\"https:\/\/paideiamubabao.pl\/wp-content\/uploads\/2026\/03\/model_education_MuBaBaO-683x1024.jpg 683w, https:\/\/paideiamubabao.pl\/wp-content\/uploads\/2026\/03\/model_education_MuBaBaO-200x300.jpg 200w, https:\/\/paideiamubabao.pl\/wp-content\/uploads\/2026\/03\/model_education_MuBaBaO-768x1152.jpg 768w, https:\/\/paideiamubabao.pl\/wp-content\/uploads\/2026\/03\/model_education_MuBaBaO.jpg 1024w\" sizes=\"(max-width: 683px) 100vw, 683px\" \/>\t\t\t\t\t\t\t\t\t\t\t\t\t\t\t<\/div>\n\t\t\t\t\t<\/div>\n\t\t\t\t<\/div>\n\t\t\t\t<\/div>\n\t\t","protected":false},"excerpt":{"rendered":"<p>Holistyczna edukacja\u00a0 w czasach AI Kszta\u0142cenie, kt\u00f3re nie redukuje potencja\u0142u ludzkiego Rozwijamy Kwantowego Ucznia MuBaBaO \u2014 ucznia przysz\u0142o\u015bci, kt\u00f3ry umiej\u0119tnie \u0142\u0105czy potencja\u0142 technologii cyfrowych i AI z dzia\u0142aniem manualnym, tradycyjnym rzemios\u0142em, ekspresj\u0105 artystyczn\u0105, kultur\u0105 i kompetencjami spo\u0142ecznymi. Uczy si\u0119 nie w logice \u201ealbo\u2013albo\u201d, lecz \u201ei\u2013i\u2013i\u201d. AI + Rzemios\u0142o + Kultura + My\u015blenie wielotorowe PAIDEIA MuBaBaO [&hellip;]<\/p>\n","protected":false},"author":2,"featured_media":0,"parent":0,"menu_order":0,"comment_status":"closed","ping_status":"closed","template":"elementor_header_footer","meta":{"footnotes":""},"class_list":["post-30","page","type-page","status-publish","hentry"],"_links":{"self":[{"href":"https:\/\/paideiamubabao.pl\/index.php?rest_route=\/wp\/v2\/pages\/30","targetHints":{"allow":["GET"]}}],"collection":[{"href":"https:\/\/paideiamubabao.pl\/index.php?rest_route=\/wp\/v2\/pages"}],"about":[{"href":"https:\/\/paideiamubabao.pl\/index.php?rest_route=\/wp\/v2\/types\/page"}],"author":[{"embeddable":true,"href":"https:\/\/paideiamubabao.pl\/index.php?rest_route=\/wp\/v2\/users\/2"}],"replies":[{"embeddable":true,"href":"https:\/\/paideiamubabao.pl\/index.php?rest_route=%2Fwp%2Fv2%2Fcomments&post=30"}],"version-history":[{"count":259,"href":"https:\/\/paideiamubabao.pl\/index.php?rest_route=\/wp\/v2\/pages\/30\/revisions"}],"predecessor-version":[{"id":753,"href":"https:\/\/paideiamubabao.pl\/index.php?rest_route=\/wp\/v2\/pages\/30\/revisions\/753"}],"wp:attachment":[{"href":"https:\/\/paideiamubabao.pl\/index.php?rest_route=%2Fwp%2Fv2%2Fmedia&parent=30"}],"curies":[{"name":"wp","href":"https:\/\/api.w.org\/{rel}","templated":true}]}}