{"id":271,"date":"2026-03-09T07:22:56","date_gmt":"2026-03-09T07:22:56","guid":{"rendered":"https:\/\/paideiamubabao.pl\/?page_id=271"},"modified":"2026-03-17T15:19:10","modified_gmt":"2026-03-17T15:19:10","slug":"wdrozenia","status":"publish","type":"page","link":"https:\/\/paideiamubabao.pl\/?page_id=271","title":{"rendered":"WDRO\u017bENIA"},"content":{"rendered":"\t\t<div data-elementor-type=\"wp-page\" data-elementor-id=\"271\" class=\"elementor elementor-271\" data-elementor-post-type=\"page\">\n\t\t\t\t<div class=\"elementor-element elementor-element-9ae307a e-flex e-con-boxed e-con e-parent\" data-id=\"9ae307a\" data-element_type=\"container\" data-e-type=\"container\">\n\t\t\t\t\t<div class=\"e-con-inner\">\n\t\t\t\t\t<\/div>\n\t\t\t\t<\/div>\n\t\t<div class=\"elementor-element elementor-element-5aca7c2 e-flex e-con-boxed e-con e-parent\" data-id=\"5aca7c2\" data-element_type=\"container\" data-e-type=\"container\">\n\t\t\t\t\t<div class=\"e-con-inner\">\n\t\t\t\t<div class=\"elementor-element elementor-element-fc01cc3 elementor-widget elementor-widget-text-editor\" data-id=\"fc01cc3\" data-element_type=\"widget\" data-e-type=\"widget\" data-widget_type=\"text-editor.default\">\n\t\t\t\t\t\t\t\t\t<p style=\"text-align: center;\"><strong data-start=\"11798\" data-end=\"11828\">PAIDEIA MuBaBaO w praktyce<\/strong><\/p>\t\t\t\t\t\t\t\t<\/div>\n\t\t\t\t\t<\/div>\n\t\t\t\t<\/div>\n\t\t<div class=\"elementor-element elementor-element-f3128d0 e-flex e-con-boxed e-con e-parent\" data-id=\"f3128d0\" data-element_type=\"container\" data-e-type=\"container\">\n\t\t\t\t\t<div class=\"e-con-inner\">\n\t\t<div class=\"elementor-element elementor-element-33797ca e-con-full e-flex e-con e-child\" data-id=\"33797ca\" data-element_type=\"container\" data-e-type=\"container\">\n\t\t\t\t<\/div>\n\t\t<div class=\"elementor-element elementor-element-cd2623b e-con-full e-flex e-con e-child\" data-id=\"cd2623b\" data-element_type=\"container\" data-e-type=\"container\">\n\t\t\t\t<div class=\"elementor-element elementor-element-c5a89b8 elementor-widget elementor-widget-text-editor\" data-id=\"c5a89b8\" data-element_type=\"widget\" data-e-type=\"widget\" data-widget_type=\"text-editor.default\">\n\t\t\t\t\t\t\t\t\t<p data-start=\"11840\" data-end=\"12158\">PAIDEIA MuBaBaO rozwija si\u0119 poprzez konkretne dzia\u0142ania, programy, warsztaty, laboratoria, projekty edukacyjne i wsp\u00f3\u0142prace z instytucjami. To model, kt\u00f3ry mo\u017ce by\u0107 wdra\u017cany w szko\u0142ach, przedszkolach, muzeach, bibliotekach, domach kultury, przestrzeniach wsp\u00f3lnotowych i programach rozwoju kompetencji przysz\u0142o\u015bci.<\/p>\t\t\t\t\t\t\t\t<\/div>\n\t\t\t\t<\/div>\n\t\t<div class=\"elementor-element elementor-element-7bbbd4c e-con-full e-flex e-con e-child\" data-id=\"7bbbd4c\" data-element_type=\"container\" data-e-type=\"container\">\n\t\t\t\t<\/div>\n\t\t\t\t\t<\/div>\n\t\t\t\t<\/div>\n\t\t<div class=\"elementor-element elementor-element-9cb1652 e-flex e-con-boxed e-con e-parent\" data-id=\"9cb1652\" data-element_type=\"container\" data-e-type=\"container\">\n\t\t\t\t\t<div class=\"e-con-inner\">\n\t\t<div class=\"elementor-element elementor-element-2ca9a61 e-con-full e-flex e-con e-child\" data-id=\"2ca9a61\" data-element_type=\"container\" data-e-type=\"container\">\n\t\t\t\t<\/div>\n\t\t<div class=\"elementor-element elementor-element-05c36ce e-con-full e-flex e-con e-child\" data-id=\"05c36ce\" data-element_type=\"container\" data-e-type=\"container\">\n\t\t\t\t<div class=\"elementor-element elementor-element-77b77eb elementor-widget elementor-widget-text-editor\" data-id=\"77b77eb\" data-element_type=\"widget\" data-e-type=\"widget\" data-widget_type=\"text-editor.default\">\n\t\t\t\t\t\t\t\t\t<p data-start=\"11840\" data-end=\"12158\"><strong>Formy wdro\u017ce\u0144<\/strong><\/p><p data-start=\"12178\" data-end=\"12469\"><strong data-start=\"12178\" data-end=\"12211\">Programy edukacyjne dla szk\u00f3\u0142<\/strong><br data-start=\"12211\" data-end=\"12214\" \/><strong data-start=\"12214\" data-end=\"12256\">Warsztaty dla nauczycieli i animator\u00f3w<\/strong><br data-start=\"12256\" data-end=\"12259\" \/><strong data-start=\"12259\" data-end=\"12293\">Pracownie kreatywnego my\u015blenia<\/strong><br data-start=\"12293\" data-end=\"12296\" \/><strong data-start=\"12296\" data-end=\"12335\">Laboratoria technologii i rzemios\u0142a<\/strong><br data-start=\"12335\" data-end=\"12338\" \/><strong data-start=\"12338\" data-end=\"12386\">\u015acie\u017cki edukacyjne wok\u00f3\u0142 opowie\u015bci i kultury<\/strong><br data-start=\"12386\" data-end=\"12389\" \/><strong data-start=\"12389\" data-end=\"12419\">Projekty mi\u0119dzypokoleniowe<\/strong><br data-start=\"12419\" data-end=\"12422\" \/><strong data-start=\"12422\" data-end=\"12469\">Festiwale, rezydencje i dzia\u0142ania spo\u0142eczne<\/strong><\/p>\t\t\t\t\t\t\t\t<\/div>\n\t\t\t\t<\/div>\n\t\t<div class=\"elementor-element elementor-element-d8b9853 e-con-full e-flex e-con e-child\" data-id=\"d8b9853\" data-element_type=\"container\" data-e-type=\"container\">\n\t\t\t\t<\/div>\n\t\t\t\t\t<\/div>\n\t\t\t\t<\/div>\n\t\t<div class=\"elementor-element elementor-element-05c1d9f e-flex e-con-boxed e-con e-parent\" data-id=\"05c1d9f\" data-element_type=\"container\" data-e-type=\"container\">\n\t\t\t\t\t<div class=\"e-con-inner\">\n\t\t\t\t<div class=\"elementor-element elementor-element-5cfe080 elementor-widget elementor-widget-image\" data-id=\"5cfe080\" data-element_type=\"widget\" data-e-type=\"widget\" data-widget_type=\"image.default\">\n\t\t\t\t\t\t\t\t\t\t\t\t\t\t\t<img fetchpriority=\"high\" decoding=\"async\" width=\"683\" height=\"1024\" src=\"https:\/\/paideiamubabao.pl\/wp-content\/uploads\/2026\/03\/dlaczego1a-683x1024.jpg\" class=\"attachment-large size-large wp-image-684\" alt=\"\" srcset=\"https:\/\/paideiamubabao.pl\/wp-content\/uploads\/2026\/03\/dlaczego1a-683x1024.jpg 683w, https:\/\/paideiamubabao.pl\/wp-content\/uploads\/2026\/03\/dlaczego1a-200x300.jpg 200w, https:\/\/paideiamubabao.pl\/wp-content\/uploads\/2026\/03\/dlaczego1a-768x1152.jpg 768w, https:\/\/paideiamubabao.pl\/wp-content\/uploads\/2026\/03\/dlaczego1a.jpg 980w\" sizes=\"(max-width: 683px) 100vw, 683px\" \/>\t\t\t\t\t\t\t\t\t\t\t\t\t\t\t<\/div>\n\t\t\t\t\t<\/div>\n\t\t\t\t<\/div>\n\t\t<div class=\"elementor-element elementor-element-2d6dfec e-flex e-con-boxed e-con e-parent\" data-id=\"2d6dfec\" data-element_type=\"container\" data-e-type=\"container\">\n\t\t\t\t\t<div class=\"e-con-inner\">\n\t\t\t\t<div class=\"elementor-element elementor-element-784c4bd elementor-widget elementor-widget-image\" data-id=\"784c4bd\" data-element_type=\"widget\" data-e-type=\"widget\" data-widget_type=\"image.default\">\n\t\t\t\t\t\t\t\t\t\t\t\t\t\t\t<img decoding=\"async\" width=\"683\" height=\"1024\" src=\"https:\/\/paideiamubabao.pl\/wp-content\/uploads\/2026\/03\/dlaczego-683x1024.jpg\" class=\"attachment-large size-large wp-image-671\" alt=\"\" srcset=\"https:\/\/paideiamubabao.pl\/wp-content\/uploads\/2026\/03\/dlaczego-683x1024.jpg 683w, https:\/\/paideiamubabao.pl\/wp-content\/uploads\/2026\/03\/dlaczego-200x300.jpg 200w, https:\/\/paideiamubabao.pl\/wp-content\/uploads\/2026\/03\/dlaczego-768x1152.jpg 768w, https:\/\/paideiamubabao.pl\/wp-content\/uploads\/2026\/03\/dlaczego.jpg 1024w\" sizes=\"(max-width: 683px) 100vw, 683px\" \/>\t\t\t\t\t\t\t\t\t\t\t\t\t\t\t<\/div>\n\t\t\t\t\t<\/div>\n\t\t\t\t<\/div>\n\t\t<div class=\"elementor-element elementor-element-b7fe15e e-flex e-con-boxed e-con e-parent\" data-id=\"b7fe15e\" data-element_type=\"container\" data-e-type=\"container\">\n\t\t\t\t\t<div class=\"e-con-inner\">\n\t\t\t\t<div class=\"elementor-element elementor-element-2d35e8f elementor-widget elementor-widget-text-editor\" data-id=\"2d35e8f\" data-element_type=\"widget\" data-e-type=\"widget\" data-widget_type=\"text-editor.default\">\n\t\t\t\t\t\t\t\t\t<p style=\"text-align: center;\"><strong>NASZE DZIA\u0141ANIA NA TERENIE POLSKI<\/strong><\/p>\t\t\t\t\t\t\t\t<\/div>\n\t\t\t\t\t<\/div>\n\t\t\t\t<\/div>\n\t\t<div class=\"elementor-element elementor-element-9824d31 e-flex e-con-boxed e-con e-parent\" data-id=\"9824d31\" data-element_type=\"container\" data-e-type=\"container\">\n\t\t\t\t\t<div class=\"e-con-inner\">\n\t\t<div class=\"elementor-element elementor-element-9ae5da8 e-con-full e-flex e-con e-child\" data-id=\"9ae5da8\" data-element_type=\"container\" data-e-type=\"container\">\n\t\t\t\t<\/div>\n\t\t<div class=\"elementor-element elementor-element-e2f0b43 e-con-full e-flex e-con e-child\" data-id=\"e2f0b43\" data-element_type=\"container\" data-e-type=\"container\">\n\t\t\t\t<div class=\"elementor-element elementor-element-e61da8f elementor-widget elementor-widget-text-editor\" data-id=\"e61da8f\" data-element_type=\"widget\" data-e-type=\"widget\" data-widget_type=\"text-editor.default\">\n\t\t\t\t\t\t\t\t\t<p>FESTIWAL DZIA\u0141A\u0143 KREATYWNYCH PODWODNE \u017bAGLE w \u0141EBIE\u00a0<\/p>\t\t\t\t\t\t\t\t<\/div>\n\t\t\t\t<div class=\"elementor-element elementor-element-10d71cd elementor-widget elementor-widget-text-editor\" data-id=\"10d71cd\" data-element_type=\"widget\" data-e-type=\"widget\" data-widget_type=\"text-editor.default\">\n\t\t\t\t\t\t\t\t\t<p>STREFA KREATYWNO\u015aCI MuBaBaO podczas FESTIWALU KULTURY MAZOWSZA w WARSZAWIE<\/p>\t\t\t\t\t\t\t\t<\/div>\n\t\t\t\t<div class=\"elementor-element elementor-element-040e4d3 elementor-widget elementor-widget-text-editor\" data-id=\"040e4d3\" data-element_type=\"widget\" data-e-type=\"widget\" data-widget_type=\"text-editor.default\">\n\t\t\t\t\t\t\t\t\t<p>FESTIWAL CYBERETNO w CENTRUM SPOTKANIA KULTUR w LUBLINIE<\/p>\t\t\t\t\t\t\t\t<\/div>\n\t\t\t\t<div class=\"elementor-element elementor-element-e15e010 elementor-widget elementor-widget-text-editor\" data-id=\"e15e010\" data-element_type=\"widget\" data-e-type=\"widget\" data-widget_type=\"text-editor.default\">\n\t\t\t\t\t\t\t\t\t<p>LABORATORIUM KWANTOWEJ WYOBRA\u0179NI w BIBLIOTECE w OSTRO\u0141\u0118CE\u00a0<\/p>\t\t\t\t\t\t\t\t<\/div>\n\t\t\t\t<div class=\"elementor-element elementor-element-49b74ad elementor-widget elementor-widget-text-editor\" data-id=\"49b74ad\" data-element_type=\"widget\" data-e-type=\"widget\" data-widget_type=\"text-editor.default\">\n\t\t\t\t\t\t\t\t\t<p>LABORATORIUM KWANTOWEJ WYOBRA\u0179NI w BIBLIOTECE w I\u0141\u017bY<\/p>\t\t\t\t\t\t\t\t<\/div>\n\t\t\t\t<div class=\"elementor-element elementor-element-7067906 elementor-widget elementor-widget-text-editor\" data-id=\"7067906\" data-element_type=\"widget\" data-e-type=\"widget\" data-widget_type=\"text-editor.default\">\n\t\t\t\t\t\t\t\t\t<p>WARSZTATY w SIEDZIBIE MUBABAO w CZARNOWIE<\/p>\t\t\t\t\t\t\t\t<\/div>\n\t\t\t\t<\/div>\n\t\t<div class=\"elementor-element elementor-element-8ad7e48 e-con-full e-flex e-con e-child\" data-id=\"8ad7e48\" data-element_type=\"container\" data-e-type=\"container\">\n\t\t\t\t<\/div>\n\t\t\t\t\t<\/div>\n\t\t\t\t<\/div>\n\t\t<div class=\"elementor-element elementor-element-550db02 e-flex e-con-boxed e-con e-parent\" data-id=\"550db02\" data-element_type=\"container\" data-e-type=\"container\">\n\t\t\t\t\t<div class=\"e-con-inner\">\n\t\t<div class=\"elementor-element elementor-element-a0be3fe e-con-full e-flex e-con e-child\" data-id=\"a0be3fe\" data-element_type=\"container\" data-e-type=\"container\">\n\t\t\t\t<div class=\"elementor-element elementor-element-c4b1f9e elementor-widget elementor-widget-text-editor\" data-id=\"c4b1f9e\" data-element_type=\"widget\" data-e-type=\"widget\" data-widget_type=\"text-editor.default\">\n\t\t\t\t\t\t\t\t\t<p><strong>STREFA KREATYWNO\u015aCI MuBaBaO podczas FESTIWALU KULTURY MAZOWSZA w WARSZAWIE &#8211; 2025<\/strong><\/p>\t\t\t\t\t\t\t\t<\/div>\n\t\t\t\t<\/div>\n\t\t<div class=\"elementor-element elementor-element-7a15075 e-con-full e-flex e-con e-child\" data-id=\"7a15075\" data-element_type=\"container\" data-e-type=\"container\">\n\t\t\t\t<\/div>\n\t\t<div class=\"elementor-element elementor-element-e74f7fd e-con-full e-flex e-con e-child\" data-id=\"e74f7fd\" data-element_type=\"container\" data-e-type=\"container\">\n\t\t\t\t<div class=\"elementor-element elementor-element-28cfa9b elementor-widget elementor-widget-image\" data-id=\"28cfa9b\" data-element_type=\"widget\" data-e-type=\"widget\" data-widget_type=\"image.default\">\n\t\t\t\t\t\t\t\t\t\t\t\t\t\t\t<img decoding=\"async\" width=\"800\" height=\"600\" src=\"https:\/\/paideiamubabao.pl\/wp-content\/uploads\/2026\/03\/fkm3-1024x768.jpeg\" class=\"attachment-large size-large wp-image-712\" alt=\"\" srcset=\"https:\/\/paideiamubabao.pl\/wp-content\/uploads\/2026\/03\/fkm3-1024x768.jpeg 1024w, https:\/\/paideiamubabao.pl\/wp-content\/uploads\/2026\/03\/fkm3-300x225.jpeg 300w, https:\/\/paideiamubabao.pl\/wp-content\/uploads\/2026\/03\/fkm3-768x576.jpeg 768w, https:\/\/paideiamubabao.pl\/wp-content\/uploads\/2026\/03\/fkm3-1536x1152.jpeg 1536w, https:\/\/paideiamubabao.pl\/wp-content\/uploads\/2026\/03\/fkm3.jpeg 1600w\" sizes=\"(max-width: 800px) 100vw, 800px\" \/>\t\t\t\t\t\t\t\t\t\t\t\t\t\t\t<\/div>\n\t\t\t\t<\/div>\n\t\t\t\t\t<\/div>\n\t\t\t\t<\/div>\n\t\t<div class=\"elementor-element elementor-element-5a196f0 e-flex e-con-boxed e-con e-parent\" data-id=\"5a196f0\" data-element_type=\"container\" data-e-type=\"container\">\n\t\t\t\t\t<div class=\"e-con-inner\">\n\t\t\t\t<div class=\"elementor-element elementor-element-0521ea8 elementor-widget elementor-widget-image\" data-id=\"0521ea8\" data-element_type=\"widget\" data-e-type=\"widget\" data-widget_type=\"image.default\">\n\t\t\t\t\t\t\t\t\t\t\t\t\t\t\t<img loading=\"lazy\" decoding=\"async\" width=\"800\" height=\"600\" src=\"https:\/\/paideiamubabao.pl\/wp-content\/uploads\/2026\/03\/fkm3a-1024x768.jpeg\" class=\"attachment-large size-large wp-image-719\" alt=\"\" srcset=\"https:\/\/paideiamubabao.pl\/wp-content\/uploads\/2026\/03\/fkm3a-1024x768.jpeg 1024w, https:\/\/paideiamubabao.pl\/wp-content\/uploads\/2026\/03\/fkm3a-300x225.jpeg 300w, https:\/\/paideiamubabao.pl\/wp-content\/uploads\/2026\/03\/fkm3a-768x576.jpeg 768w, https:\/\/paideiamubabao.pl\/wp-content\/uploads\/2026\/03\/fkm3a-1536x1152.jpeg 1536w, https:\/\/paideiamubabao.pl\/wp-content\/uploads\/2026\/03\/fkm3a.jpeg 1600w\" sizes=\"(max-width: 800px) 100vw, 800px\" \/>\t\t\t\t\t\t\t\t\t\t\t\t\t\t\t<\/div>\n\t\t\t\t<div class=\"elementor-element elementor-element-2027cb4 elementor-widget elementor-widget-image\" data-id=\"2027cb4\" data-element_type=\"widget\" data-e-type=\"widget\" data-widget_type=\"image.default\">\n\t\t\t\t\t\t\t\t\t\t\t\t\t\t\t<img loading=\"lazy\" decoding=\"async\" width=\"800\" height=\"600\" src=\"https:\/\/paideiamubabao.pl\/wp-content\/uploads\/2026\/03\/fkm-1024x768.jpeg\" class=\"attachment-large size-large wp-image-723\" alt=\"\" srcset=\"https:\/\/paideiamubabao.pl\/wp-content\/uploads\/2026\/03\/fkm-1024x768.jpeg 1024w, https:\/\/paideiamubabao.pl\/wp-content\/uploads\/2026\/03\/fkm-300x225.jpeg 300w, https:\/\/paideiamubabao.pl\/wp-content\/uploads\/2026\/03\/fkm-768x576.jpeg 768w, https:\/\/paideiamubabao.pl\/wp-content\/uploads\/2026\/03\/fkm-1536x1152.jpeg 1536w, https:\/\/paideiamubabao.pl\/wp-content\/uploads\/2026\/03\/fkm.jpeg 1600w\" sizes=\"(max-width: 800px) 100vw, 800px\" \/>\t\t\t\t\t\t\t\t\t\t\t\t\t\t\t<\/div>\n\t\t\t\t\t<\/div>\n\t\t\t\t<\/div>\n\t\t<div class=\"elementor-element elementor-element-848808b e-flex e-con-boxed e-con e-parent\" data-id=\"848808b\" data-element_type=\"container\" data-e-type=\"container\">\n\t\t\t\t\t<div class=\"e-con-inner\">\n\t\t\t\t<div class=\"elementor-element elementor-element-d808492 elementor-widget elementor-widget-image\" data-id=\"d808492\" data-element_type=\"widget\" data-e-type=\"widget\" data-widget_type=\"image.default\">\n\t\t\t\t\t\t\t\t\t\t\t\t\t\t\t<img loading=\"lazy\" decoding=\"async\" width=\"800\" height=\"600\" src=\"https:\/\/paideiamubabao.pl\/wp-content\/uploads\/2026\/03\/fkm5aa-1024x768.jpeg\" class=\"attachment-large size-large wp-image-732\" alt=\"\" srcset=\"https:\/\/paideiamubabao.pl\/wp-content\/uploads\/2026\/03\/fkm5aa-1024x768.jpeg 1024w, https:\/\/paideiamubabao.pl\/wp-content\/uploads\/2026\/03\/fkm5aa-300x225.jpeg 300w, https:\/\/paideiamubabao.pl\/wp-content\/uploads\/2026\/03\/fkm5aa-768x576.jpeg 768w, https:\/\/paideiamubabao.pl\/wp-content\/uploads\/2026\/03\/fkm5aa-1536x1152.jpeg 1536w, https:\/\/paideiamubabao.pl\/wp-content\/uploads\/2026\/03\/fkm5aa.jpeg 1600w\" sizes=\"(max-width: 800px) 100vw, 800px\" \/>\t\t\t\t\t\t\t\t\t\t\t\t\t\t\t<\/div>\n\t\t\t\t<div class=\"elementor-element elementor-element-a8bc18c elementor-widget elementor-widget-image\" data-id=\"a8bc18c\" data-element_type=\"widget\" data-e-type=\"widget\" data-widget_type=\"image.default\">\n\t\t\t\t\t\t\t\t\t\t\t\t\t\t\t<img loading=\"lazy\" decoding=\"async\" width=\"800\" height=\"600\" src=\"https:\/\/paideiamubabao.pl\/wp-content\/uploads\/2026\/03\/fkm5-1-1024x768.jpeg\" class=\"attachment-large size-large wp-image-737\" alt=\"\" srcset=\"https:\/\/paideiamubabao.pl\/wp-content\/uploads\/2026\/03\/fkm5-1-1024x768.jpeg 1024w, https:\/\/paideiamubabao.pl\/wp-content\/uploads\/2026\/03\/fkm5-1-300x225.jpeg 300w, https:\/\/paideiamubabao.pl\/wp-content\/uploads\/2026\/03\/fkm5-1-768x576.jpeg 768w, https:\/\/paideiamubabao.pl\/wp-content\/uploads\/2026\/03\/fkm5-1-1536x1152.jpeg 1536w, https:\/\/paideiamubabao.pl\/wp-content\/uploads\/2026\/03\/fkm5-1.jpeg 1600w\" sizes=\"(max-width: 800px) 100vw, 800px\" \/>\t\t\t\t\t\t\t\t\t\t\t\t\t\t\t<\/div>\n\t\t\t\t\t<\/div>\n\t\t\t\t<\/div>\n\t\t<div class=\"elementor-element elementor-element-026e372 e-flex e-con-boxed e-con e-parent\" data-id=\"026e372\" data-element_type=\"container\" data-e-type=\"container\">\n\t\t\t\t\t<div class=\"e-con-inner\">\n\t\t<div class=\"elementor-element elementor-element-810963f e-con-full e-flex e-con e-child\" data-id=\"810963f\" data-element_type=\"container\" data-e-type=\"container\">\n\t\t\t\t<div class=\"elementor-element elementor-element-56104d4 elementor-widget elementor-widget-text-editor\" data-id=\"56104d4\" data-element_type=\"widget\" data-e-type=\"widget\" data-widget_type=\"text-editor.default\">\n\t\t\t\t\t\t\t\t\t<p><strong>FESTIWAL CYBERETNO w CENTRUM SPOTKANIA KULTUR w LUBLINIE<\/strong><\/p><p>pa\u017adziernik-listopad-grudzie\u0144 2025<\/p>\t\t\t\t\t\t\t\t<\/div>\n\t\t\t\t<\/div>\n\t\t<div class=\"elementor-element elementor-element-0cf336e e-con-full e-flex e-con e-child\" data-id=\"0cf336e\" data-element_type=\"container\" data-e-type=\"container\">\n\t\t\t\t<\/div>\n\t\t<div class=\"elementor-element elementor-element-b1ba5bc e-con-full e-flex e-con e-child\" data-id=\"b1ba5bc\" data-element_type=\"container\" data-e-type=\"container\">\n\t\t\t\t<\/div>\n\t\t\t\t\t<\/div>\n\t\t\t\t<\/div>\n\t\t<div class=\"elementor-element elementor-element-2fb6a1e e-flex e-con-boxed e-con e-parent\" data-id=\"2fb6a1e\" data-element_type=\"container\" data-e-type=\"container\">\n\t\t\t\t\t<div class=\"e-con-inner\">\n\t\t<div class=\"elementor-element elementor-element-4182d6a e-con-full e-flex e-con e-child\" data-id=\"4182d6a\" data-element_type=\"container\" data-e-type=\"container\">\n\t\t\t\t<div class=\"elementor-element elementor-element-c42cbbe elementor-widget elementor-widget-text-editor\" data-id=\"c42cbbe\" data-element_type=\"widget\" data-e-type=\"widget\" data-widget_type=\"text-editor.default\">\n\t\t\t\t\t\t\t\t\t<p>LABORATORIUM KWANTOWEJ WYOBRA\u0179NI w BIBLIOTECE w OSTRO\u0141\u0118CE<\/p>\t\t\t\t\t\t\t\t<\/div>\n\t\t\t\t<\/div>\n\t\t<div class=\"elementor-element elementor-element-d66ebb7 e-con-full e-flex e-con e-child\" data-id=\"d66ebb7\" data-element_type=\"container\" data-e-type=\"container\">\n\t\t\t\t<\/div>\n\t\t<div class=\"elementor-element elementor-element-5791148 e-con-full e-flex e-con e-child\" data-id=\"5791148\" data-element_type=\"container\" data-e-type=\"container\">\n\t\t\t\t<div class=\"elementor-element elementor-element-d6eb50d elementor-widget elementor-widget-image\" data-id=\"d6eb50d\" data-element_type=\"widget\" data-e-type=\"widget\" data-widget_type=\"image.default\">\n\t\t\t\t\t\t\t\t\t\t\t\t\t\t\t<img loading=\"lazy\" decoding=\"async\" width=\"800\" height=\"613\" src=\"https:\/\/paideiamubabao.pl\/wp-content\/uploads\/2026\/03\/20.11-Malinowski-www-1-scaled-1-1024x785.jpg\" class=\"attachment-large size-large wp-image-745\" alt=\"\" srcset=\"https:\/\/paideiamubabao.pl\/wp-content\/uploads\/2026\/03\/20.11-Malinowski-www-1-scaled-1-1024x785.jpg 1024w, https:\/\/paideiamubabao.pl\/wp-content\/uploads\/2026\/03\/20.11-Malinowski-www-1-scaled-1-300x230.jpg 300w, https:\/\/paideiamubabao.pl\/wp-content\/uploads\/2026\/03\/20.11-Malinowski-www-1-scaled-1-768x589.jpg 768w, https:\/\/paideiamubabao.pl\/wp-content\/uploads\/2026\/03\/20.11-Malinowski-www-1-scaled-1-1536x1178.jpg 1536w, https:\/\/paideiamubabao.pl\/wp-content\/uploads\/2026\/03\/20.11-Malinowski-www-1-scaled-1-2048x1570.jpg 2048w\" sizes=\"(max-width: 800px) 100vw, 800px\" \/>\t\t\t\t\t\t\t\t\t\t\t\t\t\t\t<\/div>\n\t\t\t\t<\/div>\n\t\t\t\t\t<\/div>\n\t\t\t\t<\/div>\n\t\t\t\t<\/div>\n\t\t","protected":false},"excerpt":{"rendered":"<p>PAIDEIA MuBaBaO w praktyce PAIDEIA MuBaBaO rozwija si\u0119 poprzez konkretne dzia\u0142ania, programy, warsztaty, laboratoria, projekty edukacyjne i wsp\u00f3\u0142prace z instytucjami. To model, kt\u00f3ry mo\u017ce by\u0107 wdra\u017cany w szko\u0142ach, przedszkolach, muzeach, bibliotekach, domach kultury, przestrzeniach wsp\u00f3lnotowych i programach rozwoju kompetencji przysz\u0142o\u015bci. Formy wdro\u017ce\u0144 Programy edukacyjne dla szk\u00f3\u0142Warsztaty dla nauczycieli i animator\u00f3wPracownie kreatywnego my\u015bleniaLaboratoria technologii i rzemios\u0142a\u015acie\u017cki [&hellip;]<\/p>\n","protected":false},"author":2,"featured_media":0,"parent":0,"menu_order":0,"comment_status":"closed","ping_status":"closed","template":"elementor_header_footer","meta":{"footnotes":""},"class_list":["post-271","page","type-page","status-publish","hentry"],"_links":{"self":[{"href":"https:\/\/paideiamubabao.pl\/index.php?rest_route=\/wp\/v2\/pages\/271","targetHints":{"allow":["GET"]}}],"collection":[{"href":"https:\/\/paideiamubabao.pl\/index.php?rest_route=\/wp\/v2\/pages"}],"about":[{"href":"https:\/\/paideiamubabao.pl\/index.php?rest_route=\/wp\/v2\/types\/page"}],"author":[{"embeddable":true,"href":"https:\/\/paideiamubabao.pl\/index.php?rest_route=\/wp\/v2\/users\/2"}],"replies":[{"embeddable":true,"href":"https:\/\/paideiamubabao.pl\/index.php?rest_route=%2Fwp%2Fv2%2Fcomments&post=271"}],"version-history":[{"count":103,"href":"https:\/\/paideiamubabao.pl\/index.php?rest_route=\/wp\/v2\/pages\/271\/revisions"}],"predecessor-version":[{"id":748,"href":"https:\/\/paideiamubabao.pl\/index.php?rest_route=\/wp\/v2\/pages\/271\/revisions\/748"}],"wp:attachment":[{"href":"https:\/\/paideiamubabao.pl\/index.php?rest_route=%2Fwp%2Fv2%2Fmedia&parent=271"}],"curies":[{"name":"wp","href":"https:\/\/api.w.org\/{rel}","templated":true}]}}