{"id":22,"date":"2026-02-03T12:03:28","date_gmt":"2026-02-03T12:03:28","guid":{"rendered":"https:\/\/paideiamubabao.pl\/?page_id=22"},"modified":"2026-03-12T20:54:30","modified_gmt":"2026-03-12T20:54:30","slug":"uczen-kwantowy","status":"publish","type":"page","link":"https:\/\/paideiamubabao.pl\/?page_id=22","title":{"rendered":"UCZE\u0143 KWANTOWY"},"content":{"rendered":"\t\t<div data-elementor-type=\"wp-page\" data-elementor-id=\"22\" class=\"elementor elementor-22\" data-elementor-post-type=\"page\">\n\t\t\t\t<div class=\"elementor-element elementor-element-57431ce e-flex e-con-boxed e-con e-parent\" data-id=\"57431ce\" data-element_type=\"container\" data-e-type=\"container\">\n\t\t\t\t\t<div class=\"e-con-inner\">\n\t\t\t\t\t<\/div>\n\t\t\t\t<\/div>\n\t\t<div class=\"elementor-element elementor-element-b213c76 e-flex e-con-boxed e-con e-parent\" data-id=\"b213c76\" data-element_type=\"container\" data-e-type=\"container\">\n\t\t\t\t\t<div class=\"e-con-inner\">\n\t\t<div class=\"elementor-element elementor-element-0b93bdf e-con-full e-flex e-con e-child\" data-id=\"0b93bdf\" data-element_type=\"container\" data-e-type=\"container\">\n\t\t\t\t<\/div>\n\t\t<div class=\"elementor-element elementor-element-6b127fe e-con-full e-flex e-con e-child\" data-id=\"6b127fe\" data-element_type=\"container\" data-e-type=\"container\">\n\t\t\t\t<div class=\"elementor-element elementor-element-fefd1f9 elementor-widget elementor-widget-text-editor\" data-id=\"fefd1f9\" data-element_type=\"widget\" data-e-type=\"widget\" data-widget_type=\"text-editor.default\">\n\t\t\t\t\t\t\t\t\t<p data-start=\"3177\" data-end=\"3212\"><strong data-start=\"3177\" data-end=\"3212\">Kim jest Kwantowy Ucze\u0144 MuBaBaO?<\/strong><\/p><p data-start=\"3231\" data-end=\"3520\">Kwantowy Ucze\u0144 MuBaBaO to model ucznia przysz\u0142o\u015bci, kt\u00f3ry potrafi funkcjonowa\u0107 w \u015bwiecie z\u0142o\u017conym bez redukowania rzeczywisto\u015bci do prostych alternatyw. My\u015bli wielotorowo, rozwija si\u0119 r\u00f3wnolegle w r\u00f3\u017cnych wymiarach i umie integrowa\u0107 odmienne sposoby poznania, dzia\u0142ania oraz ekspresji.<\/p><p data-start=\"3522\" data-end=\"3800\">To ucze\u0144, kt\u00f3ry umiej\u0119tnie wykorzystuje potencja\u0142 technologii cyfrowych oraz mo\u017cliwo\u015bci AI, ale nie pozwala, by ekran ograniczy\u0142 jego rozw\u00f3j. R\u00f3wnolegle dzia\u0142a sprawnie manualnie, buduje, konstruuje, eksperymentuje, tworzy r\u0119kami i zna r\u00f3\u017cne techniki tradycyjnego rzemios\u0142a.<\/p><p data-start=\"3802\" data-end=\"4163\">To tak\u017ce cz\u0142owiek kultury i ekspresji \u2014 potrafi gra\u0107 na instrumentach, ta\u0144czy\u0107, opowiada\u0107, tworzy\u0107 i wsp\u00f3\u0142pracowa\u0107 z innymi. Jednocze\u015bnie umie obs\u0142ugiwa\u0107 oraz projektowa\u0107 z\u0142o\u017cone rozwi\u0105zania technologiczne. Nie wybiera pomi\u0119dzy sztuk\u0105 a nauk\u0105, pomi\u0119dzy technologi\u0105 a cz\u0142owiecze\u0144stwem, pomi\u0119dzy ekranem a realnym do\u015bwiadczeniem. Rozwija si\u0119 w logice \u201ei\u2013i\u2013i\u201d.<\/p><h3 data-section-id=\"ljnasq\" data-start=\"4165\" data-end=\"4192\">Cechy Kwantowego Ucznia<\/h3><p data-start=\"4193\" data-end=\"4813\"><strong data-start=\"4193\" data-end=\"4217\">My\u015blenie wielotorowe<\/strong> \u2014 \u0142\u0105czy r\u00f3\u017cne perspektywy i sposoby rozumienia \u015bwiata.<\/p><p data-start=\"4193\" data-end=\"4813\"><br data-start=\"4272\" data-end=\"4275\" \/><strong data-start=\"4275\" data-end=\"4313\">\u015awiadome korzystanie z technologii<\/strong> \u2014 rozumie i wykorzystuje AI oraz narz\u0119dzia cyfrowe tw\u00f3rczo i odpowiedzialnie.<\/p><p data-start=\"4193\" data-end=\"4813\"><br data-start=\"4391\" data-end=\"4394\" \/><strong data-start=\"4394\" data-end=\"4416\">Sprawno\u015b\u0107 manualna<\/strong> \u2014 dzia\u0142a r\u0119kami, projektuje, buduje i eksperymentuje w \u015bwiecie fizycznym.<\/p><p data-start=\"4193\" data-end=\"4813\"><br data-start=\"4490\" data-end=\"4493\" \/><strong data-start=\"4493\" data-end=\"4531\">Wra\u017cliwo\u015b\u0107 kulturowa i artystyczna<\/strong> \u2014 rozwija si\u0119 poprzez opowie\u015b\u0107, muzyk\u0119, ruch, rytm, sztuk\u0119 i dziedzictwo.<\/p><p data-start=\"4193\" data-end=\"4813\"><br data-start=\"4605\" data-end=\"4608\" \/><strong data-start=\"4608\" data-end=\"4623\">Relacyjno\u015b\u0107<\/strong> \u2014 wsp\u00f3\u0142pracuje, komunikuje si\u0119 i tworzy we wsp\u00f3lnocie.<\/p><p data-start=\"4193\" data-end=\"4813\"><br data-start=\"4678\" data-end=\"4681\" \/><strong data-start=\"4681\" data-end=\"4695\">Sprawczo\u015b\u0107<\/strong> \u2014 przechodzi od idei do dzia\u0142ania.<\/p><p data-start=\"4193\" data-end=\"4813\"><br data-start=\"4730\" data-end=\"4733\" \/><strong data-start=\"4733\" data-end=\"4751\">Sensotw\u00f3rczo\u015b\u0107<\/strong> \u2014 nadaje znaczenie do\u015bwiadczeniu i rozumie, po co si\u0119 uczy.**<\/p>\t\t\t\t\t\t\t\t<\/div>\n\t\t\t\t<\/div>\n\t\t\t\t\t<\/div>\n\t\t\t\t<\/div>\n\t\t\t\t<\/div>\n\t\t","protected":false},"excerpt":{"rendered":"<p>Kim jest Kwantowy Ucze\u0144 MuBaBaO? Kwantowy Ucze\u0144 MuBaBaO to model ucznia przysz\u0142o\u015bci, kt\u00f3ry potrafi funkcjonowa\u0107 w \u015bwiecie z\u0142o\u017conym bez redukowania rzeczywisto\u015bci do prostych alternatyw. My\u015bli wielotorowo, rozwija si\u0119 r\u00f3wnolegle w r\u00f3\u017cnych wymiarach i umie integrowa\u0107 odmienne sposoby poznania, dzia\u0142ania oraz ekspresji. To ucze\u0144, kt\u00f3ry umiej\u0119tnie wykorzystuje potencja\u0142 technologii cyfrowych oraz mo\u017cliwo\u015bci AI, ale nie pozwala, [&hellip;]<\/p>\n","protected":false},"author":2,"featured_media":0,"parent":0,"menu_order":0,"comment_status":"closed","ping_status":"closed","template":"elementor_header_footer","meta":{"footnotes":""},"class_list":["post-22","page","type-page","status-publish","hentry"],"_links":{"self":[{"href":"https:\/\/paideiamubabao.pl\/index.php?rest_route=\/wp\/v2\/pages\/22","targetHints":{"allow":["GET"]}}],"collection":[{"href":"https:\/\/paideiamubabao.pl\/index.php?rest_route=\/wp\/v2\/pages"}],"about":[{"href":"https:\/\/paideiamubabao.pl\/index.php?rest_route=\/wp\/v2\/types\/page"}],"author":[{"embeddable":true,"href":"https:\/\/paideiamubabao.pl\/index.php?rest_route=\/wp\/v2\/users\/2"}],"replies":[{"embeddable":true,"href":"https:\/\/paideiamubabao.pl\/index.php?rest_route=%2Fwp%2Fv2%2Fcomments&post=22"}],"version-history":[{"count":37,"href":"https:\/\/paideiamubabao.pl\/index.php?rest_route=\/wp\/v2\/pages\/22\/revisions"}],"predecessor-version":[{"id":701,"href":"https:\/\/paideiamubabao.pl\/index.php?rest_route=\/wp\/v2\/pages\/22\/revisions\/701"}],"wp:attachment":[{"href":"https:\/\/paideiamubabao.pl\/index.php?rest_route=%2Fwp%2Fv2%2Fmedia&parent=22"}],"curies":[{"name":"wp","href":"https:\/\/api.w.org\/{rel}","templated":true}]}}