{"id":2,"date":"2026-01-14T20:16:32","date_gmt":"2026-01-14T20:16:32","guid":{"rendered":"https:\/\/paideiamubabao.pl\/?page_id=2"},"modified":"2026-03-10T18:36:27","modified_gmt":"2026-03-10T18:36:27","slug":"narzedzia","status":"publish","type":"page","link":"https:\/\/paideiamubabao.pl\/?page_id=2","title":{"rendered":"NARZ\u0118DZIA"},"content":{"rendered":"\t\t<div data-elementor-type=\"wp-page\" data-elementor-id=\"2\" class=\"elementor elementor-2\" data-elementor-post-type=\"page\">\n\t\t\t\t<div class=\"elementor-element elementor-element-fbf306b e-flex e-con-boxed e-con e-parent\" data-id=\"fbf306b\" data-element_type=\"container\" data-e-type=\"container\">\n\t\t\t\t\t<div class=\"e-con-inner\">\n\t\t\t\t\t<\/div>\n\t\t\t\t<\/div>\n\t\t<div class=\"elementor-element elementor-element-5d1f6ca e-flex e-con-boxed e-con e-parent\" data-id=\"5d1f6ca\" data-element_type=\"container\" data-e-type=\"container\">\n\t\t\t\t\t<div class=\"e-con-inner\">\n\t\t<div class=\"elementor-element elementor-element-feda6b3 e-con-full e-flex e-con e-child\" data-id=\"feda6b3\" data-element_type=\"container\" data-e-type=\"container\">\n\t\t\t\t<\/div>\n\t\t<div class=\"elementor-element elementor-element-9a111fe e-con-full e-flex e-con e-child\" data-id=\"9a111fe\" data-element_type=\"container\" data-e-type=\"container\">\n\t\t\t\t<div class=\"elementor-element elementor-element-53b628c elementor-widget elementor-widget-text-editor\" data-id=\"53b628c\" data-element_type=\"widget\" data-e-type=\"widget\" data-widget_type=\"text-editor.default\">\n\t\t\t\t\t\t\t\t\t<p><strong data-start=\"4862\" data-end=\"4922\">Narz\u0119dzia MuBaBaO \u2014 \u015brodowisko wielotorowego uczenia si\u0119<\/strong><\/p>\t\t\t\t\t\t\t\t<\/div>\n\t\t\t\t<\/div>\n\t\t<div class=\"elementor-element elementor-element-62e20b5 e-con-full e-flex e-con e-child\" data-id=\"62e20b5\" data-element_type=\"container\" data-e-type=\"container\">\n\t\t\t\t<\/div>\n\t\t\t\t\t<\/div>\n\t\t\t\t<\/div>\n\t\t<div class=\"elementor-element elementor-element-bc001fb e-flex e-con-boxed e-con e-parent\" data-id=\"bc001fb\" data-element_type=\"container\" data-e-type=\"container\">\n\t\t\t\t\t<div class=\"e-con-inner\">\n\t\t<div class=\"elementor-element elementor-element-cfc3720 e-con-full e-flex e-con e-child\" data-id=\"cfc3720\" data-element_type=\"container\" data-e-type=\"container\">\n\t\t\t\t<div class=\"elementor-element elementor-element-ac09a55 elementor-widget elementor-widget-image\" data-id=\"ac09a55\" data-element_type=\"widget\" data-e-type=\"widget\" data-widget_type=\"image.default\">\n\t\t\t\t\t\t\t\t\t\t\t\t\t\t\t<img fetchpriority=\"high\" decoding=\"async\" width=\"800\" height=\"540\" src=\"https:\/\/paideiamubabao.pl\/wp-content\/uploads\/2026\/02\/klocki_a3.jpg\" class=\"attachment-large size-large wp-image-232\" alt=\"\" srcset=\"https:\/\/paideiamubabao.pl\/wp-content\/uploads\/2026\/02\/klocki_a3.jpg 1000w, https:\/\/paideiamubabao.pl\/wp-content\/uploads\/2026\/02\/klocki_a3-300x203.jpg 300w, https:\/\/paideiamubabao.pl\/wp-content\/uploads\/2026\/02\/klocki_a3-768x518.jpg 768w\" sizes=\"(max-width: 800px) 100vw, 800px\" \/>\t\t\t\t\t\t\t\t\t\t\t\t\t\t\t<\/div>\n\t\t\t\t<\/div>\n\t\t<div class=\"elementor-element elementor-element-e2fb6e2 e-con-full e-flex e-con e-child\" data-id=\"e2fb6e2\" data-element_type=\"container\" data-e-type=\"container\">\n\t\t\t\t<div class=\"elementor-element elementor-element-e094e6e elementor-widget elementor-widget-text-editor\" data-id=\"e094e6e\" data-element_type=\"widget\" data-e-type=\"widget\" data-widget_type=\"text-editor.default\">\n\t\t\t\t\t\t\t\t\t<p data-start=\"4934\" data-end=\"5236\">PAIDEIA MuBaBaO opiera si\u0119 na autorskim ekosystemie narz\u0119dzi edukacyjnych: materialnych, narracyjnych, sensorycznych, projektowych i technologicznych. S\u0105 one zaprojektowane tak, aby wspiera\u0107 rozw\u00f3j my\u015blenia, wyobra\u017ani, wsp\u00f3\u0142pracy, sprawczo\u015bci oraz zdolno\u015bci integrowania r\u00f3\u017cnych form do\u015bwiadczenia.<\/p><p data-start=\"5238\" data-end=\"5487\">Narz\u0119dzia MuBaBaO nie s\u0105 dodatkiem do edukacji. Stanowi\u0105 jej aktywne \u015brodowisko. Pomagaj\u0105 dzieciom i m\u0142odzie\u017cy nie tylko przyswaja\u0107 tre\u015bci, ale budowa\u0107 relacje, rozwija\u0107 pomys\u0142y, eksperymentowa\u0107, tworzy\u0107 znaczenia i przek\u0142ada\u0107 idee na dzia\u0142anie.<\/p><h3 data-section-id=\"jh56as\" data-start=\"5489\" data-end=\"5509\">G\u0142\u00f3wne narz\u0119dzia<\/h3><p data-start=\"5510\" data-end=\"6293\"><strong data-start=\"5510\" data-end=\"5528\">Klocki MuBaBaO<\/strong> \u2014 autorskie narz\u0119dzie rozwijania my\u015blenia kreatywnego, narracyjnego i relacyjnego poprzez dzia\u0142anie manualne.<br data-start=\"5638\" data-end=\"5641\" \/><strong data-start=\"5641\" data-end=\"5678\">Opowie\u015b\u0107 jako narz\u0119dzie poznawcze<\/strong> \u2014 rozwija wyobra\u017ani\u0119, empati\u0119, pami\u0119\u0107 kulturow\u0105 i zdolno\u015b\u0107 interpretacji \u015bwiata.<br data-start=\"5759\" data-end=\"5762\" \/><strong data-start=\"5762\" data-end=\"5799\">\u015arodowisko sensoryczno-materialne<\/strong> \u2014 BAJKOSTWORY wspiera uciele\u015bnione poznanie poprzez kontakt z materia\u0142em, faktur\u0105, ruchem i przestrzeni\u0105.<br data-start=\"5893\" data-end=\"5896\" \/><strong data-start=\"5896\" data-end=\"5920\">Narz\u0119dzia projektowe<\/strong> \u2014 ucz\u0105 przechodzenia od pomys\u0142u do dzia\u0142ania poprzez mapy idei, scenariusze, plansze i prototypowanie.<br data-start=\"6023\" data-end=\"6026\" \/><strong data-start=\"6026\" data-end=\"6052\">Narz\u0119dzia cyfrowe i AI<\/strong> \u2014 s\u0142u\u017c\u0105 tw\u00f3rczemu my\u015bleniu, generowaniu wariant\u00f3w, badaniu informacji i projektowaniu rozwi\u0105za\u0144.<br data-start=\"6149\" data-end=\"6152\" \/><strong data-start=\"6152\" data-end=\"6191\">Narz\u0119dzia kulturowe i rzemie\u015blnicze<\/strong> \u2014 rozwijaj\u0105 sprawno\u015b\u0107 manualn\u0105, estetyczn\u0105 i kulturow\u0105 poprzez prac\u0119 r\u0119kami, muzyk\u0119, ruch i sztuk\u0119.**<\/p>\t\t\t\t\t\t\t\t<\/div>\n\t\t\t\t<\/div>\n\t\t<div class=\"elementor-element elementor-element-4231682 e-con-full e-flex e-con e-child\" data-id=\"4231682\" data-element_type=\"container\" data-e-type=\"container\">\n\t\t\t\t<div class=\"elementor-element elementor-element-bf0a95e elementor-widget elementor-widget-image\" data-id=\"bf0a95e\" data-element_type=\"widget\" data-e-type=\"widget\" data-widget_type=\"image.default\">\n\t\t\t\t\t\t\t\t\t\t\t\t\t\t\t<img decoding=\"async\" width=\"800\" height=\"600\" src=\"https:\/\/paideiamubabao.pl\/wp-content\/uploads\/2026\/02\/asa.jpg\" class=\"attachment-large size-large wp-image-239\" alt=\"\" srcset=\"https:\/\/paideiamubabao.pl\/wp-content\/uploads\/2026\/02\/asa.jpg 1000w, https:\/\/paideiamubabao.pl\/wp-content\/uploads\/2026\/02\/asa-300x225.jpg 300w, https:\/\/paideiamubabao.pl\/wp-content\/uploads\/2026\/02\/asa-768x576.jpg 768w\" sizes=\"(max-width: 800px) 100vw, 800px\" \/>\t\t\t\t\t\t\t\t\t\t\t\t\t\t\t<\/div>\n\t\t\t\t<\/div>\n\t\t\t\t\t<\/div>\n\t\t\t\t<\/div>\n\t\t<div class=\"elementor-element elementor-element-c647c4d e-flex e-con-boxed e-con e-parent\" data-id=\"c647c4d\" data-element_type=\"container\" data-e-type=\"container\">\n\t\t\t\t\t<div class=\"e-con-inner\">\n\t\t<div class=\"elementor-element elementor-element-02de537 e-con-full e-flex e-con e-child\" data-id=\"02de537\" data-element_type=\"container\" data-e-type=\"container\">\n\t\t\t\t<\/div>\n\t\t<div class=\"elementor-element elementor-element-caa51ed e-con-full e-flex e-con e-child\" data-id=\"caa51ed\" data-element_type=\"container\" data-e-type=\"container\">\n\t\t\t\t<\/div>\n\t\t\t\t\t<\/div>\n\t\t\t\t<\/div>\n\t\t<div class=\"elementor-element elementor-element-9d85acb e-flex e-con-boxed e-con e-parent\" data-id=\"9d85acb\" data-element_type=\"container\" data-e-type=\"container\">\n\t\t\t\t\t<div class=\"e-con-inner\">\n\t\t<div class=\"elementor-element elementor-element-a724360 e-con-full e-flex e-con e-child\" data-id=\"a724360\" data-element_type=\"container\" data-e-type=\"container\">\n\t\t\t\t<\/div>\n\t\t<div class=\"elementor-element elementor-element-b748dd3 e-con-full e-flex e-con e-child\" data-id=\"b748dd3\" data-element_type=\"container\" data-e-type=\"container\">\n\t\t\t\t<\/div>\n\t\t\t\t\t<\/div>\n\t\t\t\t<\/div>\n\t\t<div class=\"elementor-element elementor-element-2c11e48 e-flex e-con-boxed e-con e-parent\" data-id=\"2c11e48\" data-element_type=\"container\" data-e-type=\"container\">\n\t\t\t\t\t<div class=\"e-con-inner\">\n\t\t<div class=\"elementor-element elementor-element-4ab0058 e-con-full e-flex e-con e-child\" data-id=\"4ab0058\" data-element_type=\"container\" data-e-type=\"container\">\n\t\t\t\t<\/div>\n\t\t<div class=\"elementor-element elementor-element-58bc6ed e-con-full e-flex e-con e-child\" data-id=\"58bc6ed\" data-element_type=\"container\" data-e-type=\"container\">\n\t\t\t\t<\/div>\n\t\t\t\t\t<\/div>\n\t\t\t\t<\/div>\n\t\t\t\t<\/div>\n\t\t","protected":false},"excerpt":{"rendered":"<p>Narz\u0119dzia MuBaBaO \u2014 \u015brodowisko wielotorowego uczenia si\u0119 PAIDEIA MuBaBaO opiera si\u0119 na autorskim ekosystemie narz\u0119dzi edukacyjnych: materialnych, narracyjnych, sensorycznych, projektowych i technologicznych. S\u0105 one zaprojektowane tak, aby wspiera\u0107 rozw\u00f3j my\u015blenia, wyobra\u017ani, wsp\u00f3\u0142pracy, sprawczo\u015bci oraz zdolno\u015bci integrowania r\u00f3\u017cnych form do\u015bwiadczenia. Narz\u0119dzia MuBaBaO nie s\u0105 dodatkiem do edukacji. Stanowi\u0105 jej aktywne \u015brodowisko. Pomagaj\u0105 dzieciom i m\u0142odzie\u017cy nie [&hellip;]<\/p>\n","protected":false},"author":1,"featured_media":0,"parent":0,"menu_order":0,"comment_status":"closed","ping_status":"closed","template":"elementor_header_footer","meta":{"footnotes":""},"class_list":["post-2","page","type-page","status-publish","hentry"],"_links":{"self":[{"href":"https:\/\/paideiamubabao.pl\/index.php?rest_route=\/wp\/v2\/pages\/2","targetHints":{"allow":["GET"]}}],"collection":[{"href":"https:\/\/paideiamubabao.pl\/index.php?rest_route=\/wp\/v2\/pages"}],"about":[{"href":"https:\/\/paideiamubabao.pl\/index.php?rest_route=\/wp\/v2\/types\/page"}],"author":[{"embeddable":true,"href":"https:\/\/paideiamubabao.pl\/index.php?rest_route=\/wp\/v2\/users\/1"}],"replies":[{"embeddable":true,"href":"https:\/\/paideiamubabao.pl\/index.php?rest_route=%2Fwp%2Fv2%2Fcomments&post=2"}],"version-history":[{"count":72,"href":"https:\/\/paideiamubabao.pl\/index.php?rest_route=\/wp\/v2\/pages\/2\/revisions"}],"predecessor-version":[{"id":608,"href":"https:\/\/paideiamubabao.pl\/index.php?rest_route=\/wp\/v2\/pages\/2\/revisions\/608"}],"wp:attachment":[{"href":"https:\/\/paideiamubabao.pl\/index.php?rest_route=%2Fwp%2Fv2%2Fmedia&parent=2"}],"curies":[{"name":"wp","href":"https:\/\/api.w.org\/{rel}","templated":true}]}}